{"id":10,"date":"2018-10-10T06:47:28","date_gmt":"2018-10-10T06:47:28","guid":{"rendered":"https:\/\/santefarm.com\/sante\/?page_id=10"},"modified":"2019-11-14T08:14:05","modified_gmt":"2019-11-14T08:14:05","slug":"rreth-nesh","status":"publish","type":"page","link":"https:\/\/santefarm.com\/en\/rreth-nesh\/","title":{"rendered":"About Us"},"content":{"rendered":"<div data-elementor-type=\"wp-post\" data-elementor-id=\"10\" class=\"elementor elementor-10 elementor-bc-flex-widget\">\n\t\t\t\t\t\t<section class=\"has_eae_slider elementor-section elementor-top-section elementor-element elementor-element-a5f3693 elementor-section-boxed elementor-section-height-default elementor-section-height-default\" data-id=\"a5f3693\" data-element_type=\"section\">\n\t\t\t\t\t\t<div class=\"elementor-container elementor-column-gap-default\">\n\t\t\t\t\t<div class=\"has_eae_slider elementor-column elementor-col-100 elementor-top-column elementor-element elementor-element-a262439\" data-id=\"a262439\" data-element_type=\"column\">\n\t\t\t<div class=\"elementor-widget-wrap elementor-element-populated\">\n\t\t\t\t\t\t<div class=\"elementor-element elementor-element-262d078 elementor-widget elementor-widget-spacer\" data-id=\"262d078\" data-element_type=\"widget\" data-widget_type=\"spacer.default\">\n\t\t\t\t<div class=\"elementor-widget-container\">\n\t\t\t\t\t<div class=\"elementor-spacer\">\n\t\t\t<div class=\"elementor-spacer-inner\"><\/div>\n\t\t<\/div>\n\t\t\t\t<\/div>\n\t\t\t\t<\/div>\n\t\t\t\t<div class=\"elementor-element elementor-element-9982ef2 elementor-widget elementor-widget-heading\" data-id=\"9982ef2\" data-element_type=\"widget\" data-widget_type=\"heading.default\">\n\t\t\t\t<div class=\"elementor-widget-container\">\n\t\t\t<h2 class=\"elementor-heading-title elementor-size-default\">Santefarm L.L.C<\/h2>\t\t<\/div>\n\t\t\t\t<\/div>\n\t\t\t\t<div class=\"elementor-element elementor-element-41abe98 elementor-widget elementor-widget-spacer\" data-id=\"41abe98\" data-element_type=\"widget\" data-widget_type=\"spacer.default\">\n\t\t\t\t<div class=\"elementor-widget-container\">\n\t\t\t\t\t<div class=\"elementor-spacer\">\n\t\t\t<div class=\"elementor-spacer-inner\"><\/div>\n\t\t<\/div>\n\t\t\t\t<\/div>\n\t\t\t\t<\/div>\n\t\t\t\t\t<\/div>\n\t\t<\/div>\n\t\t\t\t\t<\/div>\n\t\t<\/section>\n\t\t\t\t<section class=\"has_eae_slider elementor-section elementor-top-section elementor-element elementor-element-e4cd683 elementor-section-boxed elementor-section-height-default elementor-section-height-default\" data-id=\"e4cd683\" data-element_type=\"section\" data-settings=\"{&quot;background_background&quot;:&quot;classic&quot;}\">\n\t\t\t\t\t\t<div class=\"elementor-container elementor-column-gap-default\">\n\t\t\t\t\t<div class=\"has_eae_slider elementor-column elementor-col-100 elementor-top-column elementor-element elementor-element-1f355df\" data-id=\"1f355df\" data-element_type=\"column\">\n\t\t\t<div class=\"elementor-widget-wrap elementor-element-populated\">\n\t\t\t\t\t\t<div class=\"elementor-element elementor-element-b283d5f elementor-tabs-view-horizontal elementor-widget elementor-widget-tabs\" data-id=\"b283d5f\" data-element_type=\"widget\" data-widget_type=\"tabs.default\">\n\t\t\t\t<div class=\"elementor-widget-container\">\n\t\t\t\t\t<div class=\"elementor-tabs\">\n\t\t\t<div class=\"elementor-tabs-wrapper\" role=\"tablist\" >\n\t\t\t\t\t\t\t\t\t<div id=\"elementor-tab-title-1871\" class=\"elementor-tab-title elementor-tab-desktop-title\" aria-selected=\"true\" data-tab=\"1\" role=\"tab\" tabindex=\"0\" aria-controls=\"elementor-tab-content-1871\" aria-expanded=\"false\">Company History<\/div>\n\t\t\t\t\t\t\t\t\t<div id=\"elementor-tab-title-1872\" class=\"elementor-tab-title elementor-tab-desktop-title\" aria-selected=\"false\" data-tab=\"2\" role=\"tab\" tabindex=\"-1\" aria-controls=\"elementor-tab-content-1872\" aria-expanded=\"false\">Products \/ Services<\/div>\n\t\t\t\t\t\t\t<\/div>\n\t\t\t<div class=\"elementor-tabs-content-wrapper\" role=\"tablist\" aria-orientation=\"vertical\">\n\t\t\t\t\t\t\t\t\t<div class=\"elementor-tab-title elementor-tab-mobile-title\" aria-selected=\"true\" data-tab=\"1\" role=\"tab\" tabindex=\"0\" aria-controls=\"elementor-tab-content-1871\" aria-expanded=\"false\">Company History<\/div>\n\t\t\t\t\t<div id=\"elementor-tab-content-1871\" class=\"elementor-tab-content elementor-clearfix\" data-tab=\"1\" role=\"tabpanel\" aria-labelledby=\"elementor-tab-title-1871\" tabindex=\"0\" hidden=\"false\"><p>History<\/p><ul><li>Santefarm was founded in 2006 by Mr. Milaim Abdullahu, Mr. Ph. Sci., as a Limited Liability Company specializing in the wholesale and distribution of pharmaceutical and healthcare products in Kosovo. The company was established after 18 years of experience in the pharmaceutical sector, both in Kosovo and abroad. Santefarm is a member of the Pharmaceutical Association of Kosovo, as well as other professional associations in Kosovo and the region.<\/li><li>Since 2006, Santefarm has experienced continuous growth and is now considered a leader in the pharmaceutical market of Kosovo and a well-recognized brand not only in Kosovo but also across the region.<\/li><\/ul><p>Achievements<\/p><ul><li>Today, Santefarm is the first choice for 98% of pharmacies in Kosovo, thanks to its professional services, qualified staff, wide range of products offered with the best market deals, and strong presence across the market.<\/li><li>In terms of quality, Santefarm has been certified under the ISO Quality Management System, in accordance with ISO 9001:2008 standards, including Good Distribution Practice (GDP) procedures, certified in 2010 by Bureau Veritas. On February 15, 2017, we were certified under the new ISO 9001:2015 standards, again including GDP procedures, with the certification issued by PECB.<\/li><\/ul><\/div>\n\t\t\t\t\t\t\t\t\t<div class=\"elementor-tab-title elementor-tab-mobile-title\" aria-selected=\"false\" data-tab=\"2\" role=\"tab\" tabindex=\"-1\" aria-controls=\"elementor-tab-content-1872\" aria-expanded=\"false\">Products \/ Services<\/div>\n\t\t\t\t\t<div id=\"elementor-tab-content-1872\" class=\"elementor-tab-content elementor-clearfix\" data-tab=\"2\" role=\"tabpanel\" aria-labelledby=\"elementor-tab-title-1872\" tabindex=\"0\" hidden=\"hidden\"><p class=\"MsoNormal\" style=\"margin-bottom: 9.6pt;\"><span style=\"font-family: Helvetica, sans-serif;\">Products \/ Services<\/span><\/p><p class=\"MsoNormal\" style=\"margin-bottom: 9.6pt;\"><span style=\"font-family: Helvetica, sans-serif;\">Logistics<\/span><\/p><p class=\"MsoNormal\" style=\"margin-bottom: 9.6pt;\"><span style=\"font-family: Helvetica, sans-serif;\">Santefarm has over 650 clients whom it regularly supplies with pharmaceutical products, OTC products, cosmetics, as well as other health-related items.<\/span><\/p><p class=\"MsoNormal\" style=\"margin-bottom: 9.6pt;\"><span style=\"font-family: Helvetica, sans-serif;\">With highly professional distribution from the logistics team and well-organized distribution strategy, Santefarm supplies at least three times weekly 98% of all pharmacies across Kosovo, while pharmacies in Prishtina are supplied several times a day. Besides the retail market, Santefarm\u2019s activities are also focused on meeting the demands of the public healthcare sector. We are successfully present in public tenders through which we supply public healthcare institutions with high-quality products.<\/span><\/p><p class=\"MsoNormal\" style=\"margin-bottom: 9.6pt;\"><span style=\"font-family: Helvetica, sans-serif;\">Regulatory Affairs<\/span><\/p><p class=\"MsoNormal\"><span style=\"font-family: Helvetica, sans-serif;\">Through our highly professional Regulatory team, Santefarm has managed to register over 300 items in various forms and dosages with the Kosovo Medicines and Medical Devices Agency. <\/span><span style=\"font-family: Helvetica, sans-serif; background-image: initial; background-position: initial; background-size: initial; background-repeat: initial; background-attachment: initial; background-origin: initial; background-clip: initial;\">n\u00eb forma dhe doza t\u00eb ndryshme n\u00eb Agjencin\u00eb Kosovare t\u00eb produkteve dhe pajisjeve medicinale.<\/span><\/p><p class=\"MsoNormal\" style=\"margin-bottom: 9.6pt;\"><span style=\"font-family: Helvetica, sans-serif;\">\u00a0<\/span><\/p><p>\u00a0<\/p><p class=\"MsoNormal\"><span style=\"font-family: Helvetica, sans-serif;\">The services that Santefarm offers to partners in the Regulatory Affairs Department (DRA) are: <\/span><span style=\"font-family: Helvetica, sans-serif; background-image: initial; background-position: initial; background-size: initial; background-repeat: initial; background-attachment: initial; background-origin: initial; background-clip: initial;\">\u00e7<\/span><span style=\"font-family: Helvetica, sans-serif;\">eshtjeve rregullative (DRA) jane:<\/span><\/p><ul><li><span style=\"font-family: Helvetica, sans-serif;\">Obtaining and maintaining Marketing Authorization (MA) for medicinal products<\/span><\/li><li><span style=\"font-family: Helvetica, sans-serif;\">Application for inclusion in the Essential Medicines List<\/span><\/li><li><span style=\"font-family: Helvetica, sans-serif;\">Business Consulting <\/span><span style=\"font-family: Helvetica, sans-serif;\">Services<\/span><\/li><\/ul><p>Marketing Services<\/p><ul><li>Sales and Promotion Activities<\/li><li>Promotions in Pharmacies<\/li><li>Advertising in Media<\/li><li>Visits to Pharmacies and Medical Doctors<\/li><li>Organization of pharmacy and medical events<\/li><li>Organization of internal and external training sessions for pharmacists, as part of Continuing Education for License Renewal.<\/li><\/ul><\/div>\n\t\t\t\t\t\t\t<\/div>\n\t\t<\/div>\n\t\t\t\t<\/div>\n\t\t\t\t<\/div>\n\t\t\t\t\t<\/div>\n\t\t<\/div>\n\t\t\t\t\t<\/div>\n\t\t<\/section>\n\t\t\t\t<\/div>","protected":false},"excerpt":{"rendered":"<p>Santefarm L.L.C Historiku Produktet \/ Sh\u00ebrbimet Historiku Histori Santefarm u themelua n\u00eb vitin 2006 nga z.Mr Ph Sci Milaim Abdullahu, si Kompani me P\u00ebrgjegj\u00ebsi t\u00eb Kufizuar p\u00ebr shitjen me shumic\u00eb dhe shp\u00ebrndarjen e produkteve farmaceutike dhe t\u00eb kujdesit sh\u00ebndet\u00ebsor n\u00eb Kosov\u00eb, pas 18 viteve t\u00eb p\u00ebrvoj\u00ebs n\u00eb sektorin farmaceutik n\u00eb Kosov\u00eb dhe jasht\u00eb saj. Santefarm [&hellip;]<\/p>","protected":false},"author":1,"featured_media":0,"parent":0,"menu_order":0,"comment_status":"closed","ping_status":"closed","template":"elementor_header_footer","meta":{"_monsterinsights_skip_tracking":false,"_monsterinsights_sitenote_active":false,"_monsterinsights_sitenote_note":"","_monsterinsights_sitenote_category":0,"footnotes":""},"yoast_head":"<!-- This site is optimized with the Yoast SEO plugin v22.3 - https:\/\/yoast.com\/wordpress\/plugins\/seo\/ -->\n<title>Rreth nesh - Santefarm<\/title>\n<meta name=\"robots\" content=\"index, follow, max-snippet:-1, max-image-preview:large, max-video-preview:-1\" \/>\n<link rel=\"canonical\" href=\"https:\/\/santefarm.com\/en\/rreth-nesh\/\" \/>\n<meta property=\"og:locale\" content=\"en_US\" \/>\n<meta property=\"og:type\" content=\"article\" \/>\n<meta property=\"og:title\" content=\"Rreth nesh - Santefarm\" \/>\n<meta property=\"og:description\" content=\"Santefarm L.L.C Historiku Produktet \/ Sh\u00ebrbimet Historiku Histori Santefarm u themelua n\u00eb vitin 2006 nga z.Mr Ph Sci Milaim Abdullahu, si Kompani me P\u00ebrgjegj\u00ebsi t\u00eb Kufizuar p\u00ebr shitjen me shumic\u00eb dhe shp\u00ebrndarjen e produkteve farmaceutike dhe t\u00eb kujdesit sh\u00ebndet\u00ebsor n\u00eb Kosov\u00eb, pas 18 viteve t\u00eb p\u00ebrvoj\u00ebs n\u00eb sektorin farmaceutik n\u00eb Kosov\u00eb dhe jasht\u00eb saj. Santefarm [&hellip;]\" \/>\n<meta property=\"og:url\" content=\"https:\/\/santefarm.com\/en\/rreth-nesh\/\" \/>\n<meta property=\"og:site_name\" content=\"Santefarm\" \/>\n<meta property=\"article:publisher\" content=\"https:\/\/www.facebook.com\/Santefarmoffical\" \/>\n<meta property=\"article:modified_time\" content=\"2019-11-14T08:14:05+00:00\" \/>\n<meta name=\"twitter:card\" content=\"summary_large_image\" \/>\n<meta name=\"twitter:label1\" content=\"Est. reading time\" \/>\n\t<meta name=\"twitter:data1\" content=\"2 minutes\" \/>\n<script type=\"application\/ld+json\" class=\"yoast-schema-graph\">{\"@context\":\"https:\/\/schema.org\",\"@graph\":[{\"@type\":\"WebPage\",\"@id\":\"https:\/\/santefarm.com\/rreth-nesh\/\",\"url\":\"https:\/\/santefarm.com\/rreth-nesh\/\",\"name\":\"Rreth nesh - Santefarm\",\"isPartOf\":{\"@id\":\"https:\/\/santefarm.com\/#website\"},\"datePublished\":\"2018-10-10T06:47:28+00:00\",\"dateModified\":\"2019-11-14T08:14:05+00:00\",\"breadcrumb\":{\"@id\":\"https:\/\/santefarm.com\/rreth-nesh\/#breadcrumb\"},\"inLanguage\":\"en-US\",\"potentialAction\":[{\"@type\":\"ReadAction\",\"target\":[\"https:\/\/santefarm.com\/rreth-nesh\/\"]}]},{\"@type\":\"BreadcrumbList\",\"@id\":\"https:\/\/santefarm.com\/rreth-nesh\/#breadcrumb\",\"itemListElement\":[{\"@type\":\"ListItem\",\"position\":1,\"name\":\"Home\",\"item\":\"https:\/\/santefarm.com\/\"},{\"@type\":\"ListItem\",\"position\":2,\"name\":\"Rreth nesh\"}]},{\"@type\":\"WebSite\",\"@id\":\"https:\/\/santefarm.com\/#website\",\"url\":\"https:\/\/santefarm.com\/\",\"name\":\"Santefarm\",\"description\":\"Qarkullues farmaceutik me shumic\u00eb\",\"publisher\":{\"@id\":\"https:\/\/santefarm.com\/#organization\"},\"potentialAction\":[{\"@type\":\"SearchAction\",\"target\":{\"@type\":\"EntryPoint\",\"urlTemplate\":\"https:\/\/santefarm.com\/?s={search_term_string}\"},\"query-input\":\"required name=search_term_string\"}],\"inLanguage\":\"en-US\"},{\"@type\":\"Organization\",\"@id\":\"https:\/\/santefarm.com\/#organization\",\"name\":\"Santefarm\",\"url\":\"https:\/\/santefarm.com\/\",\"logo\":{\"@type\":\"ImageObject\",\"inLanguage\":\"en-US\",\"@id\":\"https:\/\/santefarm.com\/#\/schema\/logo\/image\/\",\"url\":\"https:\/\/santefarm.com\/wp-content\/uploads\/2020\/07\/sante.png\",\"contentUrl\":\"https:\/\/santefarm.com\/wp-content\/uploads\/2020\/07\/sante.png\",\"width\":1250,\"height\":304,\"caption\":\"Santefarm\"},\"image\":{\"@id\":\"https:\/\/santefarm.com\/#\/schema\/logo\/image\/\"},\"sameAs\":[\"https:\/\/www.facebook.com\/Santefarmoffical\",\"https:\/\/www.instagram.com\/santefarm\",\"https:\/\/www.linkedin.com\/company\/santefarm\"]}]}<\/script>\n<!-- \/ Yoast SEO plugin. -->","yoast_head_json":{"title":"Rreth nesh - Santefarm","robots":{"index":"index","follow":"follow","max-snippet":"max-snippet:-1","max-image-preview":"max-image-preview:large","max-video-preview":"max-video-preview:-1"},"canonical":"https:\/\/santefarm.com\/en\/rreth-nesh\/","og_locale":"en_US","og_type":"article","og_title":"Rreth nesh - Santefarm","og_description":"Santefarm L.L.C Historiku Produktet \/ Sh\u00ebrbimet Historiku Histori Santefarm u themelua n\u00eb vitin 2006 nga z.Mr Ph Sci Milaim Abdullahu, si Kompani me P\u00ebrgjegj\u00ebsi t\u00eb Kufizuar p\u00ebr shitjen me shumic\u00eb dhe shp\u00ebrndarjen e produkteve farmaceutike dhe t\u00eb kujdesit sh\u00ebndet\u00ebsor n\u00eb Kosov\u00eb, pas 18 viteve t\u00eb p\u00ebrvoj\u00ebs n\u00eb sektorin farmaceutik n\u00eb Kosov\u00eb dhe jasht\u00eb saj. Santefarm [&hellip;]","og_url":"https:\/\/santefarm.com\/en\/rreth-nesh\/","og_site_name":"Santefarm","article_publisher":"https:\/\/www.facebook.com\/Santefarmoffical","article_modified_time":"2019-11-14T08:14:05+00:00","twitter_card":"summary_large_image","twitter_misc":{"Est. reading time":"2 minutes"},"schema":{"@context":"https:\/\/schema.org","@graph":[{"@type":"WebPage","@id":"https:\/\/santefarm.com\/rreth-nesh\/","url":"https:\/\/santefarm.com\/rreth-nesh\/","name":"Rreth nesh - Santefarm","isPartOf":{"@id":"https:\/\/santefarm.com\/#website"},"datePublished":"2018-10-10T06:47:28+00:00","dateModified":"2019-11-14T08:14:05+00:00","breadcrumb":{"@id":"https:\/\/santefarm.com\/rreth-nesh\/#breadcrumb"},"inLanguage":"en-US","potentialAction":[{"@type":"ReadAction","target":["https:\/\/santefarm.com\/rreth-nesh\/"]}]},{"@type":"BreadcrumbList","@id":"https:\/\/santefarm.com\/rreth-nesh\/#breadcrumb","itemListElement":[{"@type":"ListItem","position":1,"name":"Home","item":"https:\/\/santefarm.com\/"},{"@type":"ListItem","position":2,"name":"Rreth nesh"}]},{"@type":"WebSite","@id":"https:\/\/santefarm.com\/#website","url":"https:\/\/santefarm.com\/","name":"Santefarm","description":"Qarkullues farmaceutik me shumic\u00eb","publisher":{"@id":"https:\/\/santefarm.com\/#organization"},"potentialAction":[{"@type":"SearchAction","target":{"@type":"EntryPoint","urlTemplate":"https:\/\/santefarm.com\/?s={search_term_string}"},"query-input":"required name=search_term_string"}],"inLanguage":"en-US"},{"@type":"Organization","@id":"https:\/\/santefarm.com\/#organization","name":"Santefarm","url":"https:\/\/santefarm.com\/","logo":{"@type":"ImageObject","inLanguage":"en-US","@id":"https:\/\/santefarm.com\/#\/schema\/logo\/image\/","url":"https:\/\/santefarm.com\/wp-content\/uploads\/2020\/07\/sante.png","contentUrl":"https:\/\/santefarm.com\/wp-content\/uploads\/2020\/07\/sante.png","width":1250,"height":304,"caption":"Santefarm"},"image":{"@id":"https:\/\/santefarm.com\/#\/schema\/logo\/image\/"},"sameAs":["https:\/\/www.facebook.com\/Santefarmoffical","https:\/\/www.instagram.com\/santefarm","https:\/\/www.linkedin.com\/company\/santefarm"]}]}},"_links":{"self":[{"href":"https:\/\/santefarm.com\/en\/wp-json\/wp\/v2\/pages\/10"}],"collection":[{"href":"https:\/\/santefarm.com\/en\/wp-json\/wp\/v2\/pages"}],"about":[{"href":"https:\/\/santefarm.com\/en\/wp-json\/wp\/v2\/types\/page"}],"author":[{"embeddable":true,"href":"https:\/\/santefarm.com\/en\/wp-json\/wp\/v2\/users\/1"}],"replies":[{"embeddable":true,"href":"https:\/\/santefarm.com\/en\/wp-json\/wp\/v2\/comments?post=10"}],"version-history":[{"count":98,"href":"https:\/\/santefarm.com\/en\/wp-json\/wp\/v2\/pages\/10\/revisions"}],"predecessor-version":[{"id":1878,"href":"https:\/\/santefarm.com\/en\/wp-json\/wp\/v2\/pages\/10\/revisions\/1878"}],"wp:attachment":[{"href":"https:\/\/santefarm.com\/en\/wp-json\/wp\/v2\/media?parent=10"}],"curies":[{"name":"wp","href":"https:\/\/api.w.org\/{rel}","templated":true}]}}