{"id":1472,"date":"2019-04-06T10:44:21","date_gmt":"2019-04-06T10:44:21","guid":{"rendered":"https:\/\/santefarm.com\/?page_id=1472"},"modified":"2021-07-01T06:35:47","modified_gmt":"2021-07-01T06:35:47","slug":"informata","status":"publish","type":"page","link":"https:\/\/santefarm.com\/en\/informata\/","title":{"rendered":"Informations"},"content":{"rendered":"<p style=\"text-align: center;\"><strong>KRITERET E KTHIMIT T\u00cb PRODUKTEVE<br \/>\n<\/strong><\/p>\n<p style=\"text-align: center;\"><a href=\"https:\/\/santefarm.com\/wp-content\/uploads\/2021\/07\/DT-014.pdf\" class=\"pdfemb-viewer\" style=\"\" data-width=\"max\" data-height=\"max\" data-toolbar=\"bottom\" data-toolbar-fixed=\"off\">Kriteret e kthimit te produktee<\/a><\/p>\n<p style=\"text-align: center;\"><strong>DEKLARATA E POLITIK\u00cbS S\u00cb CIL\u00cbSIS\u00cb<br \/>\n<\/strong><\/p>\n<p style=\"text-align: center;\"><a href=\"https:\/\/santefarm.com\/wp-content\/uploads\/2021\/07\/DT-002.pdf\" class=\"pdfemb-viewer\" style=\"\" data-width=\"max\" data-height=\"max\" data-toolbar=\"bottom\" data-toolbar-fixed=\"off\">Deklarata e politikes se privatesise<\/a><\/p>","protected":false},"excerpt":{"rendered":"<p>KRITERET E KTHIMIT T\u00cb PRODUKTEVE DEKLARATA E POLITIK\u00cbS S\u00cb CIL\u00cbSIS\u00cb<\/p>","protected":false},"author":1,"featured_media":0,"parent":0,"menu_order":0,"comment_status":"closed","ping_status":"closed","template":"","meta":{"_monsterinsights_skip_tracking":false,"_monsterinsights_sitenote_active":false,"_monsterinsights_sitenote_note":"","_monsterinsights_sitenote_category":0,"footnotes":""},"yoast_head":"<!-- This site is optimized with the Yoast SEO plugin v22.3 - https:\/\/yoast.com\/wordpress\/plugins\/seo\/ -->\n<title>Informata - Santefarm<\/title>\n<meta name=\"robots\" content=\"index, follow, max-snippet:-1, max-image-preview:large, max-video-preview:-1\" \/>\n<link rel=\"canonical\" href=\"https:\/\/santefarm.com\/en\/informata\/\" \/>\n<meta property=\"og:locale\" content=\"en_US\" \/>\n<meta property=\"og:type\" content=\"article\" \/>\n<meta property=\"og:title\" content=\"Informata - Santefarm\" \/>\n<meta property=\"og:description\" content=\"KRITERET E KTHIMIT T\u00cb PRODUKTEVE DEKLARATA E POLITIK\u00cbS S\u00cb CIL\u00cbSIS\u00cb\" \/>\n<meta property=\"og:url\" content=\"https:\/\/santefarm.com\/en\/informata\/\" \/>\n<meta property=\"og:site_name\" content=\"Santefarm\" \/>\n<meta property=\"article:publisher\" content=\"https:\/\/www.facebook.com\/Santefarmoffical\" \/>\n<meta property=\"article:modified_time\" content=\"2021-07-01T06:35:47+00:00\" \/>\n<meta name=\"twitter:card\" content=\"summary_large_image\" \/>\n<script type=\"application\/ld+json\" class=\"yoast-schema-graph\">{\"@context\":\"https:\/\/schema.org\",\"@graph\":[{\"@type\":\"WebPage\",\"@id\":\"https:\/\/santefarm.com\/informata\/\",\"url\":\"https:\/\/santefarm.com\/informata\/\",\"name\":\"Informata - Santefarm\",\"isPartOf\":{\"@id\":\"https:\/\/santefarm.com\/#website\"},\"datePublished\":\"2019-04-06T10:44:21+00:00\",\"dateModified\":\"2021-07-01T06:35:47+00:00\",\"breadcrumb\":{\"@id\":\"https:\/\/santefarm.com\/informata\/#breadcrumb\"},\"inLanguage\":\"en-US\",\"potentialAction\":[{\"@type\":\"ReadAction\",\"target\":[\"https:\/\/santefarm.com\/informata\/\"]}]},{\"@type\":\"BreadcrumbList\",\"@id\":\"https:\/\/santefarm.com\/informata\/#breadcrumb\",\"itemListElement\":[{\"@type\":\"ListItem\",\"position\":1,\"name\":\"Home\",\"item\":\"https:\/\/santefarm.com\/\"},{\"@type\":\"ListItem\",\"position\":2,\"name\":\"Informata\"}]},{\"@type\":\"WebSite\",\"@id\":\"https:\/\/santefarm.com\/#website\",\"url\":\"https:\/\/santefarm.com\/\",\"name\":\"Santefarm\",\"description\":\"Qarkullues farmaceutik me shumic\u00eb\",\"publisher\":{\"@id\":\"https:\/\/santefarm.com\/#organization\"},\"potentialAction\":[{\"@type\":\"SearchAction\",\"target\":{\"@type\":\"EntryPoint\",\"urlTemplate\":\"https:\/\/santefarm.com\/?s={search_term_string}\"},\"query-input\":\"required name=search_term_string\"}],\"inLanguage\":\"en-US\"},{\"@type\":\"Organization\",\"@id\":\"https:\/\/santefarm.com\/#organization\",\"name\":\"Santefarm\",\"url\":\"https:\/\/santefarm.com\/\",\"logo\":{\"@type\":\"ImageObject\",\"inLanguage\":\"en-US\",\"@id\":\"https:\/\/santefarm.com\/#\/schema\/logo\/image\/\",\"url\":\"https:\/\/santefarm.com\/wp-content\/uploads\/2020\/07\/sante.png\",\"contentUrl\":\"https:\/\/santefarm.com\/wp-content\/uploads\/2020\/07\/sante.png\",\"width\":1250,\"height\":304,\"caption\":\"Santefarm\"},\"image\":{\"@id\":\"https:\/\/santefarm.com\/#\/schema\/logo\/image\/\"},\"sameAs\":[\"https:\/\/www.facebook.com\/Santefarmoffical\",\"https:\/\/www.instagram.com\/santefarm\",\"https:\/\/www.linkedin.com\/company\/santefarm\"]}]}<\/script>\n<!-- \/ Yoast SEO plugin. -->","yoast_head_json":{"title":"Informata - Santefarm","robots":{"index":"index","follow":"follow","max-snippet":"max-snippet:-1","max-image-preview":"max-image-preview:large","max-video-preview":"max-video-preview:-1"},"canonical":"https:\/\/santefarm.com\/en\/informata\/","og_locale":"en_US","og_type":"article","og_title":"Informata - Santefarm","og_description":"KRITERET E KTHIMIT T\u00cb PRODUKTEVE DEKLARATA E POLITIK\u00cbS S\u00cb CIL\u00cbSIS\u00cb","og_url":"https:\/\/santefarm.com\/en\/informata\/","og_site_name":"Santefarm","article_publisher":"https:\/\/www.facebook.com\/Santefarmoffical","article_modified_time":"2021-07-01T06:35:47+00:00","twitter_card":"summary_large_image","schema":{"@context":"https:\/\/schema.org","@graph":[{"@type":"WebPage","@id":"https:\/\/santefarm.com\/informata\/","url":"https:\/\/santefarm.com\/informata\/","name":"Informata - Santefarm","isPartOf":{"@id":"https:\/\/santefarm.com\/#website"},"datePublished":"2019-04-06T10:44:21+00:00","dateModified":"2021-07-01T06:35:47+00:00","breadcrumb":{"@id":"https:\/\/santefarm.com\/informata\/#breadcrumb"},"inLanguage":"en-US","potentialAction":[{"@type":"ReadAction","target":["https:\/\/santefarm.com\/informata\/"]}]},{"@type":"BreadcrumbList","@id":"https:\/\/santefarm.com\/informata\/#breadcrumb","itemListElement":[{"@type":"ListItem","position":1,"name":"Home","item":"https:\/\/santefarm.com\/"},{"@type":"ListItem","position":2,"name":"Informata"}]},{"@type":"WebSite","@id":"https:\/\/santefarm.com\/#website","url":"https:\/\/santefarm.com\/","name":"Santefarm","description":"Qarkullues farmaceutik me shumic\u00eb","publisher":{"@id":"https:\/\/santefarm.com\/#organization"},"potentialAction":[{"@type":"SearchAction","target":{"@type":"EntryPoint","urlTemplate":"https:\/\/santefarm.com\/?s={search_term_string}"},"query-input":"required name=search_term_string"}],"inLanguage":"en-US"},{"@type":"Organization","@id":"https:\/\/santefarm.com\/#organization","name":"Santefarm","url":"https:\/\/santefarm.com\/","logo":{"@type":"ImageObject","inLanguage":"en-US","@id":"https:\/\/santefarm.com\/#\/schema\/logo\/image\/","url":"https:\/\/santefarm.com\/wp-content\/uploads\/2020\/07\/sante.png","contentUrl":"https:\/\/santefarm.com\/wp-content\/uploads\/2020\/07\/sante.png","width":1250,"height":304,"caption":"Santefarm"},"image":{"@id":"https:\/\/santefarm.com\/#\/schema\/logo\/image\/"},"sameAs":["https:\/\/www.facebook.com\/Santefarmoffical","https:\/\/www.instagram.com\/santefarm","https:\/\/www.linkedin.com\/company\/santefarm"]}]}},"_links":{"self":[{"href":"https:\/\/santefarm.com\/en\/wp-json\/wp\/v2\/pages\/1472"}],"collection":[{"href":"https:\/\/santefarm.com\/en\/wp-json\/wp\/v2\/pages"}],"about":[{"href":"https:\/\/santefarm.com\/en\/wp-json\/wp\/v2\/types\/page"}],"author":[{"embeddable":true,"href":"https:\/\/santefarm.com\/en\/wp-json\/wp\/v2\/users\/1"}],"replies":[{"embeddable":true,"href":"https:\/\/santefarm.com\/en\/wp-json\/wp\/v2\/comments?post=1472"}],"version-history":[{"count":7,"href":"https:\/\/santefarm.com\/en\/wp-json\/wp\/v2\/pages\/1472\/revisions"}],"predecessor-version":[{"id":2810,"href":"https:\/\/santefarm.com\/en\/wp-json\/wp\/v2\/pages\/1472\/revisions\/2810"}],"wp:attachment":[{"href":"https:\/\/santefarm.com\/en\/wp-json\/wp\/v2\/media?parent=1472"}],"curies":[{"name":"wp","href":"https:\/\/api.w.org\/{rel}","templated":true}]}}